{"id":10,"date":"2022-10-25T23:11:53","date_gmt":"2022-10-25T23:11:53","guid":{"rendered":"https:\/\/pvdbmgroup.mx\/?page_id=10"},"modified":"2022-10-26T23:08:18","modified_gmt":"2022-10-26T23:08:18","slug":"contacto","status":"publish","type":"page","link":"https:\/\/pvdbmgroup.mx\/?page_id=10","title":{"rendered":"Contacto"},"content":{"rendered":"\n<p>Centro Empresarial de Nuevo Vallarta, Paseo de los Cocoteros N\u00famero. 55, Int. 2335, Bah\u00eda de Banderas, Nayarit, C.P. 63732<\/p>\n\n\n\n<p>Tel\u00e9fonos en oficina<\/p>\n\n\n\n<p>329 111 6265<br>329 111 6266<\/p>\n\n\n<div class=\"wpforms-container wpforms-container-full\" id=\"wpforms-36\"><form id=\"wpforms-form-36\" class=\"wpforms-validate wpforms-form wpforms-ajax-form\" data-formid=\"36\" method=\"post\" enctype=\"multipart\/form-data\" action=\"\/index.php?rest_route=%2Fwp%2Fv2%2Fpages%2F10\" data-token=\"ffa3504db3dd84cac730118d588db892\"><noscript class=\"wpforms-error-noscript\">Por favor, activa JavaScript en tu navegador para completar este formulario.<\/noscript><div class=\"wpforms-field-container\"><div id=\"wpforms-36-field_1-container\" class=\"wpforms-field wpforms-field-name\" data-field-id=\"1\"><label class=\"wpforms-field-label\" for=\"wpforms-36-field_1\">Nombre <span class=\"wpforms-required-label\">*<\/span><\/label><div class=\"wpforms-field-row wpforms-field-medium\"><div class=\"wpforms-field-row-block wpforms-first wpforms-one-half\"><input type=\"text\" id=\"wpforms-36-field_1\" class=\"wpforms-field-name-first wpforms-field-required\" name=\"wpforms[fields][1][first]\" required><label for=\"wpforms-36-field_1\" class=\"wpforms-field-sublabel after \">Nombre<\/label><\/div><div class=\"wpforms-field-row-block wpforms-one-half\"><input type=\"text\" id=\"wpforms-36-field_1-last\" class=\"wpforms-field-name-last wpforms-field-required\" name=\"wpforms[fields][1][last]\" required><label for=\"wpforms-36-field_1-last\" class=\"wpforms-field-sublabel after \">Apellidos<\/label><\/div><\/div><\/div><div id=\"wpforms-36-field_5-container\" class=\"wpforms-field wpforms-field-email\" data-field-id=\"5\"><label class=\"wpforms-field-label\" for=\"wpforms-36-field_5\">Tel\u00e9fono <span class=\"wpforms-required-label\">*<\/span><\/label><input type=\"email\" id=\"wpforms-36-field_5\" class=\"wpforms-field-medium wpforms-field-required\" name=\"wpforms[fields][5]\" required><\/div><div id=\"wpforms-36-field_2-container\" class=\"wpforms-field wpforms-field-email\" data-field-id=\"2\"><label class=\"wpforms-field-label\" for=\"wpforms-36-field_2\">Correo electr\u00f3nico <span class=\"wpforms-required-label\">*<\/span><\/label><div class=\"wpforms-field-row wpforms-field-medium\"><div class=\"wpforms-field-row-block wpforms-one-half wpforms-first\"><input type=\"email\" id=\"wpforms-36-field_2\" class=\"wpforms-field-required wpforms-field-email-primary\" name=\"wpforms[fields][2][primary]\" required><label for=\"wpforms-36-field_2\" class=\"wpforms-field-sublabel after \">Correo electr\u00f3nico<\/label><\/div><div class=\"wpforms-field-row-block wpforms-one-half\"><input type=\"email\" id=\"wpforms-36-field_2-secondary\" class=\"wpforms-field-email-secondary wpforms-field-required\" data-rule-confirm=\"#wpforms-36-field_2\" name=\"wpforms[fields][2][secondary]\" required><label for=\"wpforms-36-field_2-secondary\" class=\"wpforms-field-sublabel after \">Confirmar el correo electr\u00f3nico<\/label><\/div><\/div><\/div><div id=\"wpforms-36-field_3-container\" class=\"wpforms-field wpforms-field-text\" data-field-id=\"3\"><label class=\"wpforms-field-label\" for=\"wpforms-36-field_3\">Envia un mensaje <span class=\"wpforms-required-label\">*<\/span><\/label><input type=\"text\" id=\"wpforms-36-field_3\" class=\"wpforms-field-medium wpforms-field-required\" name=\"wpforms[fields][3]\" required><\/div><\/div><div class=\"wpforms-submit-container\"><input type=\"hidden\" name=\"wpforms[id]\" value=\"36\"><input type=\"hidden\" name=\"wpforms[author]\" value=\"2\"><button type=\"submit\" name=\"wpforms[submit]\" id=\"wpforms-submit-36\" class=\"wpforms-submit\" data-alt-text=\"Enviando...\" data-submit-text=\"Enviar\" aria-live=\"assertive\" value=\"wpforms-submit\">Enviar<\/button><img loading=\"lazy\" decoding=\"async\" src=\"https:\/\/pvdbmgroup.mx\/wp-content\/plugins\/wpforms-lite\/assets\/images\/submit-spin.svg\" class=\"wpforms-submit-spinner\" style=\"display: none;\" width=\"26\" height=\"26\" alt=\"Cargando\"><\/div><\/form><\/div>  <!-- .wpforms-container -->","protected":false},"excerpt":{"rendered":"<p>Centro Empresarial de Nuevo Vallarta, Paseo de los Cocoteros N\u00famero. 55, Int. 2335, Bah\u00eda de Banderas, Nayarit, C.P. 63732 Tel\u00e9fonos en oficina 329 111 6265329 111 6266<\/p>\n","protected":false},"author":2,"featured_media":0,"parent":0,"menu_order":0,"comment_status":"closed","ping_status":"closed","template":"","meta":{"footnotes":""},"class_list":["post-10","page","type-page","status-publish","hentry"],"yoast_head":"<!-- This site is optimized with the Yoast SEO plugin v19.9 - https:\/\/yoast.com\/wordpress\/plugins\/seo\/ -->\n<title>Contacto - DBM Group puerto vallarta<\/title>\n<meta name=\"robots\" content=\"index, follow, max-snippet:-1, max-image-preview:large, max-video-preview:-1\" \/>\n<link rel=\"canonical\" href=\"https:\/\/pvdbmgroup.mx\/?page_id=10\" \/>\n<meta property=\"og:locale\" content=\"es_ES\" \/>\n<meta property=\"og:type\" content=\"article\" \/>\n<meta property=\"og:title\" content=\"Contacto - DBM Group puerto vallarta\" \/>\n<meta property=\"og:description\" content=\"Centro Empresarial de Nuevo Vallarta, Paseo de los Cocoteros N\u00famero. 55, Int. 2335, Bah\u00eda de Banderas, Nayarit, C.P. 63732 Tel\u00e9fonos en oficina 329 111 6265329 111 6266\" \/>\n<meta property=\"og:url\" content=\"https:\/\/pvdbmgroup.mx\/?page_id=10\" \/>\n<meta property=\"og:site_name\" content=\"DBM Group puerto vallarta\" \/>\n<meta property=\"article:modified_time\" content=\"2022-10-26T23:08:18+00:00\" \/>\n<meta name=\"twitter:card\" content=\"summary_large_image\" \/>\n<meta name=\"twitter:label1\" content=\"Tiempo de lectura\" \/>\n\t<meta name=\"twitter:data1\" content=\"1 minuto\" \/>\n<script type=\"application\/ld+json\" class=\"yoast-schema-graph\">{\"@context\":\"https:\/\/schema.org\",\"@graph\":[{\"@type\":\"WebPage\",\"@id\":\"https:\/\/pvdbmgroup.mx\/?page_id=10\",\"url\":\"https:\/\/pvdbmgroup.mx\/?page_id=10\",\"name\":\"Contacto - DBM Group puerto vallarta\",\"isPartOf\":{\"@id\":\"https:\/\/pvdbmgroup.mx\/#website\"},\"datePublished\":\"2022-10-25T23:11:53+00:00\",\"dateModified\":\"2022-10-26T23:08:18+00:00\",\"breadcrumb\":{\"@id\":\"https:\/\/pvdbmgroup.mx\/?page_id=10#breadcrumb\"},\"inLanguage\":\"es\",\"potentialAction\":[{\"@type\":\"ReadAction\",\"target\":[\"https:\/\/pvdbmgroup.mx\/?page_id=10\"]}]},{\"@type\":\"BreadcrumbList\",\"@id\":\"https:\/\/pvdbmgroup.mx\/?page_id=10#breadcrumb\",\"itemListElement\":[{\"@type\":\"ListItem\",\"position\":1,\"name\":\"Portada\",\"item\":\"https:\/\/pvdbmgroup.mx\/\"},{\"@type\":\"ListItem\",\"position\":2,\"name\":\"Contacto\"}]},{\"@type\":\"WebSite\",\"@id\":\"https:\/\/pvdbmgroup.mx\/#website\",\"url\":\"https:\/\/pvdbmgroup.mx\/\",\"name\":\"DBM Group puerto vallarta\",\"description\":\"Segumos Creciendo\",\"potentialAction\":[{\"@type\":\"SearchAction\",\"target\":{\"@type\":\"EntryPoint\",\"urlTemplate\":\"https:\/\/pvdbmgroup.mx\/?s={search_term_string}\"},\"query-input\":\"required name=search_term_string\"}],\"inLanguage\":\"es\"}]}<\/script>\n<!-- \/ Yoast SEO plugin. -->","yoast_head_json":{"title":"Contacto - DBM Group puerto vallarta","robots":{"index":"index","follow":"follow","max-snippet":"max-snippet:-1","max-image-preview":"max-image-preview:large","max-video-preview":"max-video-preview:-1"},"canonical":"https:\/\/pvdbmgroup.mx\/?page_id=10","og_locale":"es_ES","og_type":"article","og_title":"Contacto - DBM Group puerto vallarta","og_description":"Centro Empresarial de Nuevo Vallarta, Paseo de los Cocoteros N\u00famero. 55, Int. 2335, Bah\u00eda de Banderas, Nayarit, C.P. 63732 Tel\u00e9fonos en oficina 329 111 6265329 111 6266","og_url":"https:\/\/pvdbmgroup.mx\/?page_id=10","og_site_name":"DBM Group puerto vallarta","article_modified_time":"2022-10-26T23:08:18+00:00","twitter_card":"summary_large_image","twitter_misc":{"Tiempo de lectura":"1 minuto"},"schema":{"@context":"https:\/\/schema.org","@graph":[{"@type":"WebPage","@id":"https:\/\/pvdbmgroup.mx\/?page_id=10","url":"https:\/\/pvdbmgroup.mx\/?page_id=10","name":"Contacto - DBM Group puerto vallarta","isPartOf":{"@id":"https:\/\/pvdbmgroup.mx\/#website"},"datePublished":"2022-10-25T23:11:53+00:00","dateModified":"2022-10-26T23:08:18+00:00","breadcrumb":{"@id":"https:\/\/pvdbmgroup.mx\/?page_id=10#breadcrumb"},"inLanguage":"es","potentialAction":[{"@type":"ReadAction","target":["https:\/\/pvdbmgroup.mx\/?page_id=10"]}]},{"@type":"BreadcrumbList","@id":"https:\/\/pvdbmgroup.mx\/?page_id=10#breadcrumb","itemListElement":[{"@type":"ListItem","position":1,"name":"Portada","item":"https:\/\/pvdbmgroup.mx\/"},{"@type":"ListItem","position":2,"name":"Contacto"}]},{"@type":"WebSite","@id":"https:\/\/pvdbmgroup.mx\/#website","url":"https:\/\/pvdbmgroup.mx\/","name":"DBM Group puerto vallarta","description":"Segumos Creciendo","potentialAction":[{"@type":"SearchAction","target":{"@type":"EntryPoint","urlTemplate":"https:\/\/pvdbmgroup.mx\/?s={search_term_string}"},"query-input":"required name=search_term_string"}],"inLanguage":"es"}]}},"_links":{"self":[{"href":"https:\/\/pvdbmgroup.mx\/index.php?rest_route=\/wp\/v2\/pages\/10","targetHints":{"allow":["GET"]}}],"collection":[{"href":"https:\/\/pvdbmgroup.mx\/index.php?rest_route=\/wp\/v2\/pages"}],"about":[{"href":"https:\/\/pvdbmgroup.mx\/index.php?rest_route=\/wp\/v2\/types\/page"}],"author":[{"embeddable":true,"href":"https:\/\/pvdbmgroup.mx\/index.php?rest_route=\/wp\/v2\/users\/2"}],"replies":[{"embeddable":true,"href":"https:\/\/pvdbmgroup.mx\/index.php?rest_route=%2Fwp%2Fv2%2Fcomments&post=10"}],"version-history":[{"count":4,"href":"https:\/\/pvdbmgroup.mx\/index.php?rest_route=\/wp\/v2\/pages\/10\/revisions"}],"predecessor-version":[{"id":49,"href":"https:\/\/pvdbmgroup.mx\/index.php?rest_route=\/wp\/v2\/pages\/10\/revisions\/49"}],"wp:attachment":[{"href":"https:\/\/pvdbmgroup.mx\/index.php?rest_route=%2Fwp%2Fv2%2Fmedia&parent=10"}],"curies":[{"name":"wp","href":"https:\/\/api.w.org\/{rel}","templated":true}]}}